{"id":2941,"date":"2023-03-22T13:24:56","date_gmt":"2023-03-22T12:24:56","guid":{"rendered":"https:\/\/mariaegea.net\/politica-de-cookies\/"},"modified":"2024-07-22T19:50:05","modified_gmt":"2024-07-22T17:50:05","slug":"cookies-policy","status":"publish","type":"page","link":"https:\/\/mariaegea.net\/en\/cookies-policy\/","title":{"rendered":"Cookies Policy"},"content":{"rendered":"<div class=\"fusion-fullwidth fullwidth-box fusion-builder-row-1 fusion-flex-container has-pattern-background has-mask-background fusion-parallax-none nonhundred-percent-fullwidth non-hundred-percent-height-scrolling fusion-animated\" style=\"--awb-background-position:center top;--awb-border-radius-top-left:0px;--awb-border-radius-top-right:0px;--awb-border-radius-bottom-right:0px;--awb-border-radius-bottom-left:0px;--awb-padding-top:120px;--awb-padding-bottom:110px;--awb-padding-bottom-medium:90px;--awb-padding-right-small:20px;--awb-padding-bottom-small:50px;--awb-padding-left-small:20px;--awb-background-color:#0b1326;--awb-background-image:linear-gradient(180deg, rgba(11,20,40,0.7) 0%,rgba(11,20,40,0.9) 100%),url(https:\/\/mariaegea.net\/wp-content\/uploads\/2023\/03\/48_autoretrato_redimensionar.avif);;--awb-background-size:cover;--awb-flex-wrap:wrap;\" data-animationType=\"slideInLeft\" data-animationDuration=\"0.5\" data-animationOffset=\"top-into-view\" ><div class=\"fusion-builder-row fusion-row fusion-flex-align-items-flex-start fusion-flex-content-wrap\" style=\"max-width:1456px;margin-left: calc(-4% \/ 2 );margin-right: calc(-4% \/ 2 );\"><div class=\"fusion-layout-column fusion_builder_column fusion-builder-column-0 fusion_builder_column_1_1 1_1 fusion-flex-column fusion-animated\" style=\"--awb-padding-top-small:0px;--awb-bg-size:cover;--awb-width-large:100%;--awb-margin-top-large:0px;--awb-spacing-right-large:1.92%;--awb-margin-bottom-large:30px;--awb-spacing-left-large:1.92%;--awb-width-medium:100%;--awb-order-medium:0;--awb-spacing-right-medium:1.92%;--awb-spacing-left-medium:1.92%;--awb-width-small:100%;--awb-order-small:0;--awb-spacing-right-small:1.92%;--awb-spacing-left-small:1.92%;\" data-animationType=\"fadeInDown\" data-animationDuration=\"1.3\" data-animationOffset=\"top-into-view\"><div class=\"fusion-column-wrapper fusion-column-has-shadow fusion-flex-justify-content-center fusion-content-layout-column\"><div class=\"fusion-title title fusion-title-1 fusion-no-small-visibility fusion-no-medium-visibility fusion-sep-none fusion-title-center fusion-title-text fusion-title-size-one\" style=\"--awb-text-color:var(--awb-color1);--awb-margin-bottom:5px;--awb-margin-top-small:10px;--awb-margin-right-small:0px;--awb-margin-bottom-small:10px;--awb-margin-left-small:0px;--awb-font-size:80px;\"><h1 class=\"fusion-title-heading title-heading-center fusion-responsive-typography-calculated\" style=\"font-family:&quot;Montserrat&quot;;font-style:normal;font-weight:500;margin:0;text-transform:capitalize;font-size:1em;--fontSize:80;line-height:var(--awb-typography1-line-height);\">Cookies Policy<\/h1><\/div><div class=\"fusion-title title fusion-title-2 fusion-no-large-visibility fusion-sep-none fusion-title-center fusion-title-text fusion-title-size-one\" style=\"--awb-text-color:var(--awb-color1);--awb-margin-bottom:0px;--awb-margin-top-small:10px;--awb-margin-right-small:0px;--awb-margin-bottom-small:0px;--awb-margin-left-small:0px;--awb-font-size:40px;\"><h1 class=\"fusion-title-heading title-heading-center fusion-responsive-typography-calculated\" style=\"font-family:&quot;Montserrat&quot;;font-style:normal;font-weight:500;margin:0;text-transform:capitalize;font-size:1em;--fontSize:40;line-height:1.2;\">Cookies Policy<\/h1><\/div><\/div><\/div><div class=\"fusion-layout-column fusion_builder_column fusion-builder-column-1 fusion_builder_column_1_1 1_1 fusion-flex-column\" style=\"--awb-bg-blend:overlay;--awb-bg-size:cover;--awb-width-large:100%;--awb-margin-top-large:0px;--awb-spacing-right-large:1.92%;--awb-margin-bottom-large:0px;--awb-spacing-left-large:1.536%;--awb-width-medium:60%;--awb-order-medium:0;--awb-spacing-right-medium:3.2%;--awb-spacing-left-medium:2.56%;--awb-width-small:100%;--awb-order-small:0;--awb-spacing-right-small:1.92%;--awb-spacing-left-small:1.92%;\"><div class=\"fusion-column-wrapper fusion-column-has-shadow fusion-flex-justify-content-flex-start fusion-content-layout-column\"><div class=\"fusion-text fusion-text-1\" style=\"--awb-text-color:var(--awb-color1);\"><div class=\"fusion-text fusion-text-1\">\n<div class=\"fusion-text fusion-text-1\">\n<div class=\"fusion-text fusion-text-1\">\n<h3 class=\"fusion-responsive-typography-calculated\" data-fontsize=\"31.5\" data-lineheight=\"34.65px\">INTRODUCCI\u00d3N<\/h3>\n<p>Mediante el presente aviso en la web, mariaegea.net le informa de su pol\u00edtica de cookies, cumpliendo as\u00ed con lo previsto en el art\u00edculo 22.2 de la Ley 34\/2002, de 11 de julio de Servicios de la Sociedad de la Informaci\u00f3n y de Comercio Electr\u00f3nico.<\/p>\n<ol>\n<li>\n<h3 class=\"fusion-responsive-typography-calculated\" data-fontsize=\"31.5\" data-lineheight=\"34.65px\">CONCEPTO DE COOKIE<\/h3>\n<p>Cookie es un fichero que se descarga en su ordenador al acceder a determinadas p\u00e1ginas web. Las cookies permiten a una p\u00e1gina web, entre otras cosas, almacenar y recuperar informaci\u00f3n sobre los h\u00e1bitos de navegaci\u00f3n de un usuario o de su equipo, dependiendo de la informaci\u00f3n que contengan y de la forma en que se utilice su equipo, pueden utilizarse para conocer al usuario. El navegador del usuario memoriza cookies en el disco duro solamente durante la sesi\u00f3n actual ocupando un espacio de memoria m\u00ednimo sin perjudicar su ordenador. Las cookies no contienen ninguna clase de informaci\u00f3n personal espec\u00edfica, y la mayor\u00eda de las mismas se borran del disco duro al finalizar la sesi\u00f3n del navegador. La mayor\u00eda de los navegadores aceptan como est\u00e1ndar a las cookies, y con independencia de las mismas, permiten o impiden en los ajustes de seguridad las cookies temporales o memorizadas.<\/p>\n<p>Las cookies son instaladas durante la navegaci\u00f3n por Internet, bien por los sitios web que visita el usuario o bien por terceros con los que se relaciona el sitio web, y permiten a \u00e9ste conocer su actividad en el mismo sitio o en otros con los que se relaciona \u00e9ste, por ejemplo: el lugar desde el que accede, el tiempo de conexi\u00f3n, el dispositivo desde el que accede (fijo o m\u00f3vil), el sistema operativo y navegador utilizados, las p\u00e1ginas m\u00e1s visitadas, el n\u00famero de clicks realizados y de datos respecto al comportamiento del usuario en Internet.<\/p>\n<\/li>\n<li>\n<h3 class=\"fusion-responsive-typography-calculated\" data-fontsize=\"31.5\" data-lineheight=\"34.65px\">AUTORIZACI\u00d3N DEL USO DE COOKIES<strong><br \/>\n<\/strong><\/h3>\n<p>De conformidad con el aviso de cookies que aparece en el pie de p\u00e1gina o en el encabezado de la misma, el usuario o visitante de los mismos acepta que, al navegar por el mismo, consiente expresamente el uso de cookies seg\u00fan la descripci\u00f3n que se detalla a continuaci\u00f3n, excepto en la medida en que haya modificado la configuraci\u00f3n de su navegador para rechazar su utilizaci\u00f3n.<\/p>\n<\/li>\n<li>\n<h3 class=\"fusion-responsive-typography-calculated\" data-fontsize=\"31.5\" data-lineheight=\"34.65px\">TIPOS DE COOKIES<strong><br \/>\n<\/strong><\/h3>\n<p>El usuario que navega por la web puede encontrar cookies insertadas directamente por el Titular, o bien cookies insertadas por entidades distintas a \u00e9sta, seg\u00fan lo detallado en los siguientes apartados:<\/p>\n<p><strong>Tipos de Cookies:<br \/>\n<\/strong>Existen diferentes tipos de cookies, las cuales pueden ser clasificadas seg\u00fan su finalidad a la hora de obtener informaci\u00f3n acerca del usuario:<\/p>\n<p><strong>Cookies t\u00e9cnicas:\u00a0<\/strong>Son aquellas que resultan imprescindibles para permitir al usuario la navegaci\u00f3n a trav\u00e9s de una p\u00e1gina web, como por ejemplo, las que permiten almacenar los datos de un pedido online.<\/p>\n<p><strong>Cookies de personalizaci\u00f3n:\u00a0<\/strong>Este tipo permite personalizar las funciones o contenidos del sitio web en funci\u00f3n de los datos obtenidos del navegador. Mediante estas cookies podemos presentar un sitio web en el mismo idioma del navegador usado para visitar la web.<\/p>\n<p><strong>Cookies de an\u00e1lisis:\u00a0<\/strong>Se utilizan con fines estad\u00edsticos \u00fanicamente. Un claro ejemplo podr\u00eda ser las cookies generadas por el script de seguimiento de Google Analytics<strong>.<\/strong><\/p>\n<p><strong>Cookies publicitarias y de publicidad comportamental:\u00a0<\/strong>Son todas aquellas que tienen como objetivo mejorar la eficacia de los espacios publicitarios. As\u00ed, la red publicitaria de Google o los adservers incluyen este tipo de tecnolog\u00edas para dar el servicio deseado a sus clientes.<\/p>\n<p>Puede obtener m\u00e1s informaci\u00f3n sobre las cookies y su uso en www.aboutcookies.org.<\/p>\n<\/li>\n<li>\n<h3 class=\"fusion-responsive-typography-calculated\" data-fontsize=\"31.5\" data-lineheight=\"34.65px\">COOKIES UTILIZADAS EN ESTA WEB<\/h3>\n<p><strong>Cookies propias<\/strong><\/p>\n<p>Son aquellas cookies que son enviadas a su ordenador o dispositivo m\u00f3vil y gestionadas exclusivamente por mariaegea.net para el mejor funcionamiento del Sitio Web. La informaci\u00f3n que recabamos se emplea para mejorar la calidad de nuestro servicio y su experiencia como usuario. Estas cookies permanecen en su navegador m\u00e1s tiempo, permitiendo que la plataforma le reconozca como visitante recurrente del Sitio Web y adaptar el contenido para ofrecerle contenidos que se ajusten a sus preferencias.<\/p>\n<p><strong>Cookies anal\u00edticas de terceros<\/strong><\/p>\n<p>En mariaegea.net tambi\u00e9n se utiliza el sistema de medici\u00f3n de audiencia Google Analytics, una herramienta de an\u00e1lisis web de Google que permite conocer c\u00f3mo interact\u00faan los usuarios de nuestro Sitio Web. Asimismo, habilita cookies en el dominio del sitio en el que se encuentra el usuario y utiliza un conjunto de cookies denominadas \u00ab__utma\u00bb y \u00ab__utmz\u00bb para recopilar informaci\u00f3n de forma an\u00f3nima y elaborar informes de tendencias del Sitio Web sin identificar a usuarios individuales.<\/p>\n<p>Junto con los archivos de registro del servidor, permite conocer el n\u00famero total de usuarios que visitan mariaegea.net y aquellas partes del mismo que gozan de mayor popularidad. Gracias a ellas se obtiene una informaci\u00f3n que puede ayudar a mejorar la navegaci\u00f3n y dar un mejor servicio a usuarios y cl\u00ednicas.<\/p>\n<p>Si interact\u00faa con el contenido de mariaegea.net tambi\u00e9n pueden establecerse cookies de terceros (por ejemplo, al pulsar botones de redes sociales). Las cookies de terceros, son aquellas establecidas por un dominio diferente de nuestro Sitio Web. No podemos acceder a los datos almacenados en las cookies de otros sitios web cuando navegue en los citados sitios web.<\/p>\n<p>Incluimos a continuaci\u00f3n el enlace al sitio web de Google donde puede consultar la descripci\u00f3n del tipo de cookies que utiliza Google Analitycs y su periodo de expiraci\u00f3n:<\/p>\n<p><a href=\"https:\/\/developers.google.com\/analytics\/devguides\/collection\/analyticsjs\/cookie-usage?hl=es\">https:\/\/developers.google.com\/analytics\/devguides\/collection\/analyticsjs\/cookie-usage?hl=es<\/a><\/p>\n<\/li>\n<li>\n<h3 class=\"fusion-responsive-typography-calculated\" data-fontsize=\"31.5\" data-lineheight=\"34.65px\">CONFIGURACI\u00d3N DEL NAVEGADOR<strong><br \/>\n<\/strong><\/h3>\n<p>El Titular recuerda a sus usuarios que el uso de cookies podr\u00e1 estar sujeto a su aceptaci\u00f3n durante la instalaci\u00f3n o actualizaci\u00f3n del navegador utilizado por \u00e9stos.Esta aceptaci\u00f3n podr\u00e1 ser revocada mediante las opciones de configuraci\u00f3n de contenidos y privacidad disponibles en el mismo. El Titular recomienda a sus usuarios que consulten la ayuda de su navegador o acceda a las p\u00e1ginas web de ayuda de los principales navegadores.<\/p>\n<\/li>\n<li>\n<h3 class=\"fusion-responsive-typography-calculated\" data-fontsize=\"31.5\" data-lineheight=\"34.65px\">RETIRAR MI CONSENTIMIENTO<strong><br \/>\n<\/strong><\/h3>\n<p>Si quisiese retirar en cualquier momento su consentimiento relacionado con la presente Pol\u00edtica de Cookies, deber\u00e1 eliminar las cookies almacenadas en su equipo (ordenador o dispositivo m\u00f3vil) a trav\u00e9s de los ajustes y configuraciones de su navegador de Internet.<br \/>\nPara mayor informaci\u00f3n sobre la eliminaci\u00f3n, deshabilitaci\u00f3n o bloqueo de las cookies, por favor visite:\u00a0<a href=\"http:\/\/www.allaboutcookies.org\/es\/administrar-las-cookies\/\">http:\/\/www.allaboutcookies.org\/es\/administrar-las-cookies\/<\/a><\/p>\n<\/li>\n<li>\n<h3 class=\"fusion-responsive-typography-calculated\" data-fontsize=\"31.5\" data-lineheight=\"34.65px\">MODIFICACI\u00d3N DE LA CONFIGURACI\u00d3N Y AJUSTES SOBRE COOKIES<strong><br \/>\n<\/strong><\/h3>\n<p>Salvo que haya ajustado la configuraci\u00f3n de su navegador, el sistema crear\u00e1 cookies en cuanto visite el Sitio Web. Tenga presente que todos los navegadores de Internet permiten el cambio de dicha configuraci\u00f3n. Para m\u00e1s informaci\u00f3n sobre la forma de ajustar sus configuraciones de cookies en los siguientes navegadores, le remitimos al enlace pertinente:<\/p>\n<h4 class=\"fusion-responsive-typography-calculated\" data-fontsize=\"29.4\" data-lineheight=\"32.34px\">Internet Explorer<\/h4>\n<ul>\n<li>Internet Explorer 7\u00a0<a href=\"http:\/\/www.allaboutcookies.org\/es\/administrar-las-cookies\/internet-explorer7-plus.html\">http:\/\/www.allaboutcookies.org\/es\/administrar-las-cookies\/internet-explorer7-plus.html<\/a><\/li>\n<li>Internet Explorer 8\u00a0<a href=\"http:\/\/www.allaboutcookies.org\/es\/administrar-las-cookies\/internet-explorer8-plus.html\">http:\/\/www.allaboutcookies.org\/es\/administrar-las-cookies\/internet-explorer8-plus.html<\/a><\/li>\n<li>Internet Explorer 9\u00a0<a href=\"http:\/\/www.allaboutcookies.org\/es\/administrar-las-cookies\/internet-explorer9-plus.html\">http:\/\/www.allaboutcookies.org\/es\/administrar-las-cookies\/internet-explorer9-plus.html<\/a><\/li>\n<li>Internet Explorer 11\u00a0<a href=\"https:\/\/support.microsoft.com\/es-es\/help\/17442\/windows-internet-explorer-delete-manage-cookies\">https:\/\/support.microsoft.com\/es-es\/help\/17442\/windows-internet-explorer-delete-manage-cookies<\/a><\/li>\n<\/ul>\n<h4 class=\"fusion-responsive-typography-calculated\" data-fontsize=\"29.4\" data-lineheight=\"32.34px\">Firefox<\/h4>\n<ul>\n<li><a href=\"https:\/\/support.mozilla.org\/es\/kb\/habilitar-y-deshabilitar-cookies-sitios-web-rastrear-preferencias\">https:\/\/support.mozilla.org\/es\/kb\/habilitar-y-deshabilitar-cookies-sitios-web-rastrear-preferencias<\/a><\/li>\n<\/ul>\n<h4 class=\"fusion-responsive-typography-calculated\" data-fontsize=\"29.4\" data-lineheight=\"32.34px\">Chrome<\/h4>\n<ul>\n<li><a href=\"https:\/\/support.google.com\/chrome\/answer\/95647?co=GENIE.Platform%3DDesktop&amp;hl=es\">https:\/\/support.google.com\/chrome\/answer\/95647?co=GENIE.Platform%3DDesktop&amp;hl=es<\/a><\/li>\n<\/ul>\n<h4 class=\"fusion-responsive-typography-calculated\" data-fontsize=\"29.4\" data-lineheight=\"32.34px\">iOS<\/h4>\n<ul>\n<li><a href=\"https:\/\/support.apple.com\/es-es\/HT201265\">https:\/\/support.apple.com\/es-es\/HT201265<\/a><\/li>\n<\/ul>\n<\/li>\n<li>\n<h3 class=\"fusion-responsive-typography-calculated\" data-fontsize=\"31.5\" data-lineheight=\"34.65px\">CAMBIOS EN LA POL\u00cdTICA DE COOKIES<strong><br \/>\n<\/strong><\/h3>\n<p>Es posible que mariaegea.net actualice la Pol\u00edtica de Cookies del Sitio Web, por ello le recomendamos revisar esta pol\u00edtica cada vez que acceda a la plataforma con el objetivo de estar adecuadamente informado sobre c\u00f3mo y para qu\u00e9 usamos las cookies. La Pol\u00edtica de Cookies se actualiz\u00f3 por \u00faltima vez a fecha 21 de marzo de 2023.<\/p>\n<\/li>\n<li>\n<h3 class=\"fusion-responsive-typography-calculated\" data-fontsize=\"31.5\" data-lineheight=\"34.65px\">CONTACTO<strong><br \/>\n<\/strong><\/h3>\n<p>Si tuviera alguna duda, comentario o sugerencia sobre la Pol\u00edtica de Cookies, por favor escriba a: mariaegea77@gmail.com.<\/p>\n<\/li>\n<\/ol>\n<\/div>\n<\/div>\n<\/div>\n<\/div><\/div><\/div><\/div><\/div>\n","protected":false},"excerpt":{"rendered":"","protected":false},"author":1,"featured_media":1602,"parent":0,"menu_order":0,"comment_status":"closed","ping_status":"closed","template":"100-width.php","meta":{"_seopress_robots_primary_cat":"","_seopress_titles_title":"","_seopress_titles_desc":"","_seopress_robots_index":"","footnotes":""},"class_list":["post-2941","page","type-page","status-publish","has-post-thumbnail","hentry"],"_links":{"self":[{"href":"https:\/\/mariaegea.net\/en\/wp-json\/wp\/v2\/pages\/2941","targetHints":{"allow":["GET"]}}],"collection":[{"href":"https:\/\/mariaegea.net\/en\/wp-json\/wp\/v2\/pages"}],"about":[{"href":"https:\/\/mariaegea.net\/en\/wp-json\/wp\/v2\/types\/page"}],"author":[{"embeddable":true,"href":"https:\/\/mariaegea.net\/en\/wp-json\/wp\/v2\/users\/1"}],"replies":[{"embeddable":true,"href":"https:\/\/mariaegea.net\/en\/wp-json\/wp\/v2\/comments?post=2941"}],"version-history":[{"count":0,"href":"https:\/\/mariaegea.net\/en\/wp-json\/wp\/v2\/pages\/2941\/revisions"}],"wp:featuredmedia":[{"embeddable":true,"href":"https:\/\/mariaegea.net\/en\/wp-json\/wp\/v2\/media\/1602"}],"wp:attachment":[{"href":"https:\/\/mariaegea.net\/en\/wp-json\/wp\/v2\/media?parent=2941"}],"curies":[{"name":"wp","href":"https:\/\/api.w.org\/{rel}","templated":true}]}}