{"id":2681,"date":"2023-03-22T13:08:12","date_gmt":"2023-03-22T12:08:12","guid":{"rendered":"https:\/\/www.mariaegea.net\/?page_id=2681"},"modified":"2023-03-22T18:31:32","modified_gmt":"2023-03-22T17:31:32","slug":"politica-de-privacidad","status":"publish","type":"page","link":"https:\/\/mariaegea.net\/en\/politica-de-privacidad\/","title":{"rendered":"Pol\u00edtica de Privacidad"},"content":{"rendered":"<div class=\"fusion-fullwidth fullwidth-box fusion-builder-row-1 fusion-flex-container has-pattern-background has-mask-background fusion-parallax-none nonhundred-percent-fullwidth non-hundred-percent-height-scrolling fusion-animated\" style=\"--awb-background-position:center top;--awb-border-radius-top-left:0px;--awb-border-radius-top-right:0px;--awb-border-radius-bottom-right:0px;--awb-border-radius-bottom-left:0px;--awb-padding-top:120px;--awb-padding-bottom:110px;--awb-padding-bottom-medium:90px;--awb-padding-right-small:20px;--awb-padding-bottom-small:50px;--awb-padding-left-small:20px;--awb-background-color:#0b1326;--awb-background-image:linear-gradient(180deg, rgba(11,20,40,0.7) 0%,rgba(11,20,40,0.9) 100%),url(https:\/\/mariaegea.net\/wp-content\/uploads\/2023\/03\/48_autoretrato_redimensionar.avif);;--awb-background-size:cover;--awb-flex-wrap:wrap;\" data-animationType=\"slideInLeft\" data-animationDuration=\"0.5\" data-animationOffset=\"top-into-view\" ><div class=\"fusion-builder-row fusion-row fusion-flex-align-items-flex-start fusion-flex-content-wrap\" style=\"max-width:1456px;margin-left: calc(-4% \/ 2 );margin-right: calc(-4% \/ 2 );\"><div class=\"fusion-layout-column fusion_builder_column fusion-builder-column-0 fusion_builder_column_1_1 1_1 fusion-flex-column fusion-animated\" style=\"--awb-padding-top-small:0px;--awb-bg-size:cover;--awb-width-large:100%;--awb-margin-top-large:0px;--awb-spacing-right-large:1.92%;--awb-margin-bottom-large:30px;--awb-spacing-left-large:1.92%;--awb-width-medium:100%;--awb-order-medium:0;--awb-spacing-right-medium:1.92%;--awb-spacing-left-medium:1.92%;--awb-width-small:100%;--awb-order-small:0;--awb-spacing-right-small:1.92%;--awb-spacing-left-small:1.92%;\" data-animationType=\"fadeInDown\" data-animationDuration=\"1.3\" data-animationOffset=\"top-into-view\"><div class=\"fusion-column-wrapper fusion-column-has-shadow fusion-flex-justify-content-center fusion-content-layout-column\"><div class=\"fusion-title title fusion-title-1 fusion-no-small-visibility fusion-no-medium-visibility fusion-sep-none fusion-title-center fusion-title-text fusion-title-size-one\" style=\"--awb-text-color:var(--awb-color1);--awb-margin-bottom:5px;--awb-margin-top-small:10px;--awb-margin-right-small:0px;--awb-margin-bottom-small:10px;--awb-margin-left-small:0px;--awb-font-size:80px;\"><h1 class=\"fusion-title-heading title-heading-center fusion-responsive-typography-calculated\" style=\"font-family:&quot;Montserrat&quot;;font-style:normal;font-weight:500;margin:0;text-transform:capitalize;font-size:1em;--fontSize:80;line-height:var(--awb-typography1-line-height);\">Pol\u00edtica de Privacidad<\/h1><\/div><div class=\"fusion-title title fusion-title-2 fusion-no-large-visibility fusion-sep-none fusion-title-center fusion-title-text fusion-title-size-one\" style=\"--awb-text-color:var(--awb-color1);--awb-margin-bottom:0px;--awb-margin-top-small:10px;--awb-margin-right-small:0px;--awb-margin-bottom-small:0px;--awb-margin-left-small:0px;--awb-font-size:40px;\"><h1 class=\"fusion-title-heading title-heading-center fusion-responsive-typography-calculated\" style=\"font-family:&quot;Montserrat&quot;;font-style:normal;font-weight:500;margin:0;text-transform:capitalize;font-size:1em;--fontSize:40;line-height:1.2;\">Pol\u00edtica de Privacidad<\/h1><\/div><\/div><\/div><div class=\"fusion-layout-column fusion_builder_column fusion-builder-column-1 fusion_builder_column_1_1 1_1 fusion-flex-column\" style=\"--awb-bg-blend:overlay;--awb-bg-size:cover;--awb-width-large:100%;--awb-margin-top-large:0px;--awb-spacing-right-large:1.92%;--awb-margin-bottom-large:0px;--awb-spacing-left-large:1.536%;--awb-width-medium:60%;--awb-order-medium:0;--awb-spacing-right-medium:3.2%;--awb-spacing-left-medium:2.56%;--awb-width-small:100%;--awb-order-small:0;--awb-spacing-right-small:1.92%;--awb-spacing-left-small:1.92%;\"><div class=\"fusion-column-wrapper fusion-column-has-shadow fusion-flex-justify-content-flex-start fusion-content-layout-column\"><div class=\"fusion-text fusion-text-1\" style=\"--awb-text-color:var(--awb-color1);\"><div class=\"fusion-text fusion-text-1\">\n<div class=\"fusion-text fusion-text-1\">\n<div class=\"fusion-text fusion-text-1\">\n<p>En cumplimiento de lo establecido en el Reglamento (UE) 2016\/679 del Parlamento Europeo y del Consejo de 27 de abril de 2016 relativo a la protecci\u00f3n de las personas f\u00edsicas en lo que respecta al tratamiento de datos personales y a la libre circulaci\u00f3n de estos datos, as\u00ed como en la Ley Org\u00e1nica de Protecci\u00f3n de Datos, le informamos que, en mariaegea.net creemos y defendemos que tu privacidad es algo muy importante y que s\u00f3lo t\u00fa debes poder decidir qu\u00e9 uso se hace de tu informaci\u00f3n. Por eso, nos hemos adecuado a la normativa europea de Protecci\u00f3n de Datos personales y ponemos a tu disposici\u00f3n todo lo que necesitas para entenderla y te pedimos que nos digas qu\u00e9 podemos y no podemos hacer con tus datos.<\/p>\n<p>En cumplimiento del Reglamento (UE) 2016\/679 del Parlamento Europeo y del Consejo, de 27 de abril de 2016 relativo a la protecci\u00f3n de las personas f\u00edsicas en lo que respecta al tratamiento de datos personales y a la libre circulaci\u00f3n de estos datos (RGPD), as\u00ed como la Ley Org\u00e1nica de Protecci\u00f3n de Datos, le informamos de lo siguiente:<\/p>\n<h3 class=\"fusion-responsive-typography-calculated\" data-fontsize=\"31.5\" data-lineheight=\"34.65px\">\u00bfQui\u00e9n es el responsable de tus datos?<\/h3>\n<p>Mar\u00eda Egea Alarc\u00f3n<br \/>NIF: N-33365629<br \/>N\u00famero de tel\u00e9fono: 626 476 752<br \/>Correo electr\u00f3nico: mariaegea77@gmail.com<br \/>Direcci\u00f3n de p\u00e1gina electr\u00f3nica: www.mariaegea.net<\/p>\n<\/div>\n<div class=\"fusion-text fusion-text-1\">\n<h3 class=\"fusion-responsive-typography-calculated\" data-fontsize=\"31.5\" data-lineheight=\"34.65px\">\u00bfPara qu\u00e9 vamos a usar tus datos?<\/h3>\n<p>En mariaegea.net utilizamos tus datos personales, bajo nuestro inter\u00e9s leg\u00edtimo:<\/p>\n<ul>\n<li>Si contactas con nosotros a trav\u00e9s de la web o redes sociales: para dar respuesta a la solicitud de informaci\u00f3n.<\/li>\n<\/ul>\n<p>Asimismo, le informamos que desde mariaegea.net no se tomar\u00e1n decisiones automatizadas en base a su perfil.<\/p>\n<h3 class=\"fusion-responsive-typography-calculated\" data-fontsize=\"31.5\" data-lineheight=\"34.65px\">\u00bfA qui\u00e9n comunicaremos tus datos?<\/h3>\n<p>Nosotros tenemos una serie de obligaciones legales que debemos cumplir respecto de tus datos. Entre ellas, debemos facilitar estos datos cuando nos los solicite la Agencia Tributaria.<br \/>Asimismo, y si contamos con su consentimiento, podremos enviarle aquellas informaciones comerciales acerca de nuestros servicios y tratamientos que puedan resultarle de utilidad.<\/p>\n<p>Debe tener en cuenta de que si contacta con nuestro equipo a trav\u00e9s de alguno de los perfiles en redes sociales que mariaegea.net pone a disposici\u00f3n de los usuarios, adem\u00e1s de cedernos los datos que nos facilite a nuestra entidad, tambi\u00e9n los estar\u00e1 cediendo a las entidades responsables de esa propia red social. Para conocer el uso y tratamiento que estas entidades hacen de sus datos, le aconsejamos que lea detenidamente las pol\u00edticas de privacidad de las redes sociales que tenga activas.<\/p>\n<h3 class=\"fusion-responsive-typography-calculated\" data-fontsize=\"31.5\" data-lineheight=\"34.65px\">\u00bfDe d\u00f3nde obtenemos tus datos?<\/h3>\n<p>Obtenemos tus datos cuando<\/p>\n<ul>\n<li>Nos los facilitas a trav\u00e9s del formulario de contacto.<\/li>\n<li>Contactas con nosotros a trav\u00e9s de la web o redes sociales.<\/li>\n<\/ul>\n<h3 class=\"fusion-responsive-typography-calculated\" data-fontsize=\"31.5\" data-lineheight=\"34.65px\">\u00bfCu\u00e1les son tus derechos y c\u00f3mo puedes ejercitarlos?<\/h3>\n<p>Podr\u00e1s acceder, rectificar, suprimir y oponerte a determinados tratamientos, as\u00ed como ejercer tu derecho a la limitaci\u00f3n del tratamiento, a la portabilidad y a no ser objeto de una decisi\u00f3n individual basada \u00fanicamente en un tratamiento automatizado.<\/p>\n<p>Del mismo modo, podr\u00e1s retirar tu consentimiento para el tratamiento de tus datos personales en cualquier momento. Por descontado, podr\u00e1s oponerte en cualquier momento a recibir publicidad sobre nuestros servicios.<\/p>\n<h3 class=\"fusion-responsive-typography-calculated\" data-fontsize=\"31.5\" data-lineheight=\"34.65px\">\u00bfDurante cu\u00e1nto tiempo conservamos tus datos?<\/h3>\n<ul>\n<li>Si eres solicitante de empleo: Hasta el fin del proceso de selecci\u00f3n y 3 a\u00f1os m\u00e1s.<\/li>\n<li>Si has contactado con nosotros a trav\u00e9s de la web o redes sociales: Hasta que termine el tratamiento o solicites la supresi\u00f3n de tus datos.<\/li>\n<\/ul>\n<p>mariaegea.net tambi\u00e9n deber\u00e1 conservar determinada informaci\u00f3n en base a requerimientos legales.<\/p>\n<p>mariaegea.net cumple con las directrices del Reglamento (UE) 2016\/679 del Parlamento Europeo y del Consejo, de 27 de abril de 2016 relativo a la protecci\u00f3n de las personas f\u00edsicas en lo que respecta al tratamiento de datos personales y a la libre circulaci\u00f3n de estos datos (RGPD), as\u00ed como la Ley Org\u00e1nica de Protecci\u00f3n de Datos y dem\u00e1s normativa vigente en cada momento, y vela por garantizar el correcto uso y tratamiento de los datos personales del usuario. Para ello, junto a cada formulario de recabo de datos de car\u00e1cter personal, en los servicios que el usuario pueda solicitar a info@mesonalegria.com, har\u00e1 saber al usuario, seg\u00fan lo dispuesto en el art\u00edculo 15.1 del RGPD, lo siguiente: (i) los fines del tratamiento; (ii) las categor\u00edas de datos personales de que se trate; (iii) los destinatarios o las categor\u00edas de destinatarios a los que se comunicaron o ser\u00e1n comunicados los datos personales, en particular destinatarios en terceros pa\u00edses u organizaciones internacionales; (iv) el plazo de conservaci\u00f3n de los datos personales o, de no ser posible, los criterios utilizados para determinar este plazo; (v) la existencia del derecho a solicitar del responsable la rectificaci\u00f3n o supresi\u00f3n de los datos personales o la limitaci\u00f3n del tratamiento de datos personales relativos al interesado, o a oponerse a dicho tratamiento; (vi) el derecho a presentar una reclamaci\u00f3n ante una autoridad de control; (vii) cuando los datos personales no se hayan obtenido del interesado, cualquier informaci\u00f3n disponible sobre su origen; (viii) la existencia de decisiones automatizadas, incluida la elaboraci\u00f3n de perfiles a la que se refiere el art\u00edculo 22.1 y 4 del RGPD, y, al menos en tales casos, informaci\u00f3n significativa sobre la l\u00f3gica aplicada, as\u00ed como la importancia y las consecuencias previstas de dicho tratamiento para el interesado.<\/p>\n<p>mariaegea.net informa que da cumplimiento a la ley 34\/2002 de 11 de julio, de Servicios de la Sociedad de la Informaci\u00f3n y el Comercio Electr\u00f3nico y le solicitar\u00e1 su consentimiento al tratamiento de su correo electr\u00f3nico con fines comerciales en cada momento.<\/p>\n<\/div>\n<\/div>\n<\/div>\n<\/div><\/div><\/div><\/div><\/div>\n","protected":false},"excerpt":{"rendered":"","protected":false},"author":1,"featured_media":1601,"parent":0,"menu_order":0,"comment_status":"closed","ping_status":"closed","template":"100-width.php","meta":{"_seopress_robots_primary_cat":"","_seopress_titles_title":"","_seopress_titles_desc":"","_seopress_robots_index":"","footnotes":""},"class_list":["post-2681","page","type-page","status-publish","has-post-thumbnail","hentry"],"_links":{"self":[{"href":"https:\/\/mariaegea.net\/en\/wp-json\/wp\/v2\/pages\/2681","targetHints":{"allow":["GET"]}}],"collection":[{"href":"https:\/\/mariaegea.net\/en\/wp-json\/wp\/v2\/pages"}],"about":[{"href":"https:\/\/mariaegea.net\/en\/wp-json\/wp\/v2\/types\/page"}],"author":[{"embeddable":true,"href":"https:\/\/mariaegea.net\/en\/wp-json\/wp\/v2\/users\/1"}],"replies":[{"embeddable":true,"href":"https:\/\/mariaegea.net\/en\/wp-json\/wp\/v2\/comments?post=2681"}],"version-history":[{"count":0,"href":"https:\/\/mariaegea.net\/en\/wp-json\/wp\/v2\/pages\/2681\/revisions"}],"wp:featuredmedia":[{"embeddable":true,"href":"https:\/\/mariaegea.net\/en\/wp-json\/wp\/v2\/media\/1601"}],"wp:attachment":[{"href":"https:\/\/mariaegea.net\/en\/wp-json\/wp\/v2\/media?parent=2681"}],"curies":[{"name":"wp","href":"https:\/\/api.w.org\/{rel}","templated":true}]}}