{"id":2635,"date":"2023-03-21T10:44:22","date_gmt":"2023-03-21T09:44:22","guid":{"rendered":"https:\/\/www.mariaegea.net\/exposiciones\/"},"modified":"2026-03-14T15:24:47","modified_gmt":"2026-03-14T14:24:47","slug":"cv","status":"publish","type":"page","link":"https:\/\/mariaegea.net\/en\/cv\/","title":{"rendered":"CV"},"content":{"rendered":"<div class=\"fusion-fullwidth fullwidth-box fusion-builder-row-1 fusion-flex-container has-pattern-background has-mask-background fusion-parallax-none nonhundred-percent-fullwidth non-hundred-percent-height-scrolling fusion-animated\" style=\"--awb-background-position:center top;--awb-border-radius-top-left:0px;--awb-border-radius-top-right:0px;--awb-border-radius-bottom-right:0px;--awb-border-radius-bottom-left:0px;--awb-padding-top:120px;--awb-padding-bottom:110px;--awb-padding-bottom-medium:90px;--awb-padding-right-small:20px;--awb-padding-bottom-small:50px;--awb-padding-left-small:20px;--awb-background-color:#0b1326;--awb-background-image:linear-gradient(180deg, rgba(11,20,40,0.7) 0%,rgba(11,20,40,0.9) 100%),url(https:\/\/mariaegea.net\/wp-content\/uploads\/2023\/03\/PANORAMICA_ABAJO_1_redimensionar.avif);;--awb-background-size:cover;--awb-flex-wrap:wrap;--awb-animation-color:var(--awb-custom_color_1);\" data-animationType=\"revealInLeft\" data-animationDuration=\"0.5\" data-animationOffset=\"top-into-view\" ><div class=\"fusion-builder-row fusion-row fusion-flex-align-items-flex-start fusion-flex-content-wrap\" style=\"max-width:1456px;margin-left: calc(-4% \/ 2 );margin-right: calc(-4% \/ 2 );\"><div class=\"fusion-layout-column fusion_builder_column fusion-builder-column-0 fusion_builder_column_1_1 1_1 fusion-flex-column fusion-animated\" style=\"--awb-padding-top-small:0px;--awb-bg-size:cover;--awb-width-large:100%;--awb-margin-top-large:0px;--awb-spacing-right-large:1.92%;--awb-margin-bottom-large:30px;--awb-spacing-left-large:1.92%;--awb-width-medium:100%;--awb-order-medium:0;--awb-spacing-right-medium:1.92%;--awb-spacing-left-medium:1.92%;--awb-width-small:100%;--awb-order-small:0;--awb-spacing-right-small:1.92%;--awb-spacing-left-small:1.92%;\" data-animationType=\"fadeInDown\" data-animationDuration=\"1.3\" data-animationOffset=\"top-into-view\"><div class=\"fusion-column-wrapper fusion-column-has-shadow fusion-flex-justify-content-center fusion-content-layout-column\"><div class=\"fusion-title title fusion-title-1 fusion-no-small-visibility fusion-no-medium-visibility fusion-sep-none fusion-title-center fusion-title-text fusion-title-size-one\" style=\"--awb-text-color:var(--awb-color1);--awb-margin-bottom:5px;--awb-margin-top-small:10px;--awb-margin-right-small:0px;--awb-margin-bottom-small:10px;--awb-margin-left-small:0px;--awb-font-size:80px;\"><h1 class=\"fusion-title-heading title-heading-center fusion-responsive-typography-calculated\" style=\"font-family:&quot;Montserrat&quot;;font-style:normal;font-weight:500;margin:0;text-transform:capitalize;font-size:1em;--fontSize:80;line-height:var(--awb-typography1-line-height);\">CV<\/h1><\/div><div class=\"fusion-title title fusion-title-2 fusion-no-large-visibility fusion-sep-none fusion-title-center fusion-title-text fusion-title-size-one\" style=\"--awb-text-color:var(--awb-color1);--awb-margin-bottom:0px;--awb-margin-top-small:10px;--awb-margin-right-small:0px;--awb-margin-bottom-small:0px;--awb-margin-left-small:0px;--awb-font-size:40px;\"><h1 class=\"fusion-title-heading title-heading-center fusion-responsive-typography-calculated\" style=\"font-family:&quot;Montserrat&quot;;font-style:normal;font-weight:500;margin:0;text-transform:capitalize;font-size:1em;--fontSize:40;line-height:1.2;\">CV<\/h1><\/div><\/div><\/div><div class=\"fusion-layout-column fusion_builder_column fusion-builder-column-1 fusion_builder_column_1_1 1_1 fusion-flex-column\" style=\"--awb-bg-blend:overlay;--awb-bg-size:cover;--awb-width-large:100%;--awb-margin-top-large:0px;--awb-spacing-right-large:1.92%;--awb-margin-bottom-large:30px;--awb-spacing-left-large:1.536%;--awb-width-medium:60%;--awb-spacing-right-medium:3.2%;--awb-spacing-left-medium:2.56%;--awb-width-small:100%;--awb-spacing-right-small:1.92%;--awb-spacing-left-small:1.92%;\"><div class=\"fusion-column-wrapper fusion-flex-justify-content-flex-start fusion-content-layout-column\"><div class=\"fusion-text fusion-text-1\" style=\"--awb-text-color:var(--awb-color1);\"><div class=\"fusion-text fusion-text-1\">\n<div class=\"fusion-text fusion-text-1\">\n<h2 class=\"fusion-text fusion-text-1\"><strong>INDIVIDUAL EXHIBITIONS<\/strong><\/h2>\n<div><\/div>\n<div class=\"fusion-text fusion-text-1\"><strong>2023<\/strong><br \/>\n<a href=\"https:\/\/mariaegea.net\/en\/aproximaciones\/\">Aproximaciones<\/a>, CAC M\u00e1laga \u2013 La Coracha, Centro de Arte Contempor\u00e1neo de M\u00e1laga. M\u00e1laga, Comisariada por Fernando Franc\u00e9s.<br \/>\n<strong>2008<\/strong><br \/>\nCIUDADES, Valseca, M\u00e1laga<br \/>\n<strong>2007<\/strong><br \/>\nMUSGO Txirimiri, Madrid<br \/>\n<strong>2006<\/strong><\/div>\n<div class=\"fusion-text fusion-text-1\">LIQUENES, Sede Turismo Andaluz, Parador San Rafael, M\u00e1laga<br \/>\n<strong>2003<\/strong><br \/>\nART, Galer\u00eda de Arte Mecenas, M\u00e1laga<br \/>\n<strong>2002<\/strong><br \/>\nCOLECTIVA, Galer\u00eda Nela Alberca, Madrid<br \/>\n<strong>2001<\/strong><br \/>\nSky line, Ilustre Colegio de M\u00e9dicos de M\u00e1laga, M\u00e1laga<\/div>\n<\/div>\n<\/div>\n<\/div><\/div><\/div><div class=\"fusion-layout-column fusion_builder_column fusion-builder-column-2 fusion_builder_column_1_1 1_1 fusion-flex-column\" style=\"--awb-bg-blend:overlay;--awb-bg-size:cover;--awb-width-large:100%;--awb-margin-top-large:0px;--awb-spacing-right-large:1.92%;--awb-margin-bottom-large:30px;--awb-spacing-left-large:1.536%;--awb-width-medium:60%;--awb-spacing-right-medium:3.2%;--awb-spacing-left-medium:2.56%;--awb-width-small:100%;--awb-spacing-right-small:1.92%;--awb-spacing-left-small:1.92%;\"><div class=\"fusion-column-wrapper fusion-flex-justify-content-flex-start fusion-content-layout-column\"><div class=\"fusion-text fusion-text-2\" style=\"--awb-text-color:var(--awb-color1);\"><div class=\"fusion-text fusion-text-1\">\n<div class=\"fusion-text fusion-text-1\">\n<h2 class=\"fusion-text fusion-text-1\"><strong>COLLECTIVE EXHIBITIONS<\/strong><\/h2>\n<div><\/div>\n<div class=\"fusion-text fusion-text-1\">Just Mad, Palacio de Neptuno, Espacio Mados, Madrid<br \/>\nBowie Devotion, Factor\u00eda de Arte y Desarrollo, Madrid. Comisariada por David Trillo.<br \/>\n<strong>2020<\/strong><br \/>\nDr\u00e1cula x Dr\u00e1cula,CAC M\u00e1laga, Centro de Arte Comtemporaneo de M\u00e1laga, M\u00e1laga. Comisariado por Elena Caranca.<br \/>\n<strong>2019<\/strong><br \/>\nMarbella Design Fair, Palacio de Congresos, Marbella, M\u00e1laga<br \/>\nColectiva, ANDALUSIA, Wadstr\u00f6m T\u00f6nnehim Gallery,Marbella, M\u00e1laga<br \/>\n<strong>2018<\/strong><br \/>\nMarbella Design Fair, Palacio de Congresos, Marbella, M\u00e1laga<br \/>\nArt Marbella, Feria de Arte Contempor\u00e1neo, Marbella, M\u00e1laga<br \/>\n<strong>2017<\/strong><br \/>\nColectiva SoWhat Studio, Mercado de las Artes, San Pedro de Alc\u00e1ntara, M\u00e1laga<br \/>\n<strong>2016<\/strong><br \/>\nParticipaci\u00f3n en Muestra de Libro de Bolsillo en el Cortijo Miraflores, dentro del Programa Art Marbella, Marbella, M\u00e1laga<br \/>\n<strong>2011<\/strong><br \/>\nPanorama 57, Marbella, M\u00e1laga<\/div>\n<\/div>\n<\/div>\n<\/div><\/div><\/div><div class=\"fusion-layout-column fusion_builder_column fusion-builder-column-3 fusion_builder_column_1_1 1_1 fusion-flex-column\" style=\"--awb-bg-blend:overlay;--awb-bg-size:cover;--awb-width-large:100%;--awb-margin-top-large:0px;--awb-spacing-right-large:1.92%;--awb-margin-bottom-large:30px;--awb-spacing-left-large:1.536%;--awb-width-medium:60%;--awb-spacing-right-medium:3.2%;--awb-spacing-left-medium:2.56%;--awb-width-small:100%;--awb-spacing-right-small:1.92%;--awb-spacing-left-small:1.92%;\"><div class=\"fusion-column-wrapper fusion-flex-justify-content-flex-start fusion-content-layout-column\"><div class=\"fusion-text fusion-text-3\" style=\"--awb-text-color:var(--awb-color1);\"><div class=\"fusion-text fusion-text-1\">\n<div class=\"fusion-text fusion-text-1\">\n<h2 class=\"fusion-text fusion-text-1\"><strong>PUBLICATIONS AND EXHIBITION CATALOGS<\/strong><\/h2>\n<div><\/div>\n<div class=\"fusion-text fusion-text-1\"><strong>2022<\/strong><br \/>\nAPROXIMACIONES, text written by Elena Caranca for the catalog of the solo exhibition: Aproximaciones, CAC M\u00e1laga- La Coracha, Centro de Arte Contempor\u00e1neo de M\u00e1laga, M\u00e1laga<br \/>\n<strong>2020<\/strong><br \/>\nEncuentros, memorias e intercambios en la g\u00e9nesis de una colecci\u00f3n de artista, Juan Miguel Qui\u00f1ones y el proyecto Dr\u00e1cula x Dr\u00e1cula, Text written by Iv\u00e1n de la Torre Amerighi for the catalog of the group exhibition: Dr\u00e1cula x Dr\u00e1cula, CAC M\u00e1laga, Centro de Arte Contempor\u00e1neo de M\u00e1laga, M\u00e1laga<\/div>\n<\/div>\n<\/div>\n<\/div><\/div><\/div><\/div><\/div>\n","protected":false},"excerpt":{"rendered":"","protected":false},"author":1,"featured_media":1614,"parent":0,"menu_order":0,"comment_status":"closed","ping_status":"closed","template":"100-width.php","meta":{"_seopress_robots_primary_cat":"","_seopress_titles_title":"","_seopress_titles_desc":"","_seopress_robots_index":"","footnotes":""},"class_list":["post-2635","page","type-page","status-publish","has-post-thumbnail","hentry"],"_links":{"self":[{"href":"https:\/\/mariaegea.net\/en\/wp-json\/wp\/v2\/pages\/2635","targetHints":{"allow":["GET"]}}],"collection":[{"href":"https:\/\/mariaegea.net\/en\/wp-json\/wp\/v2\/pages"}],"about":[{"href":"https:\/\/mariaegea.net\/en\/wp-json\/wp\/v2\/types\/page"}],"author":[{"embeddable":true,"href":"https:\/\/mariaegea.net\/en\/wp-json\/wp\/v2\/users\/1"}],"replies":[{"embeddable":true,"href":"https:\/\/mariaegea.net\/en\/wp-json\/wp\/v2\/comments?post=2635"}],"version-history":[{"count":0,"href":"https:\/\/mariaegea.net\/en\/wp-json\/wp\/v2\/pages\/2635\/revisions"}],"wp:featuredmedia":[{"embeddable":true,"href":"https:\/\/mariaegea.net\/en\/wp-json\/wp\/v2\/media\/1614"}],"wp:attachment":[{"href":"https:\/\/mariaegea.net\/en\/wp-json\/wp\/v2\/media?parent=2635"}],"curies":[{"name":"wp","href":"https:\/\/api.w.org\/{rel}","templated":true}]}}